{"id":2,"date":"2010-06-21T07:05:38","date_gmt":"2010-06-21T05:05:38","guid":{"rendered":"http:\/\/www.nobili.de\/wp1\/?page_id=2"},"modified":"2024-11-09T20:43:19","modified_gmt":"2024-11-09T18:43:19","slug":"eine-seite","status":"publish","type":"page","link":"https:\/\/www.nobili.de\/wp1\/","title":{"rendered":"Willkommen auf den Webseiten von Steffen Nobili"},"content":{"rendered":"<p><strong><img loading=\"lazy\" decoding=\"async\" class=\"margin-left: 0px; margin-right: 10px; alignleft\" src=\"https:\/\/www.nobili.de\/wp1\/wp-content\/uploads\/2013\/04\/nobbes-0-2.jpeg\" alt=\"nobbes-0-2\" width=\"150\" height=\"150\" \/>Hallo liebe Besucher<\/strong><br \/>\nMeine neu \u00fcberarbeitete Webseite ist eine Zusammenfassung meiner Hobbys aus vergangenen Tagen und der Gegenwart.<\/p>\n<p><strong>Musik<\/strong><br \/>\nMit 14 Jahren fing ich mit dem E-Bass spielen an. Das war der beginn einer Leidenschaft die mich bis heute nicht mehr losl\u00e4sst. Einige Bilder und Songs findet ihr unter Musik.<\/p>\n<p><strong>Fotografie<\/strong><br \/>\nAb und an bin ich auf Events oder in der Natur unterwegs um ein paar sch\u00f6ne Motive zu finden&#8230; immer wieder spannend..<\/p>\n<p><strong>Webdesign u. Pressearbeit<\/strong><br \/>\nSeit 1999 besch\u00e4ftige ich mich mit der Erstellung und Verwaltung von Internetseiten. Angefangen habe ich mit simplen HTML Seiten die ich mit einschl\u00e4gigen Editoren und Programmen geschrieben habe, bis ich irgendwann bei CMS Systemen gelandet bin. Hierzu verwende ich ausschlie\u00dflich Open Source Software wie WordPress und Joomla. Als Betriebssystem verwende ich Ubuntu &#8211; Linux. Mittlerweile hat sich meine Arbeit auch noch auf Grafikbearbeitung und Pressearbeit ausgeweitet&#8230;.<\/p>\n<p><strong>Historie von St. Ilgen<\/strong><br \/>\nIch habe auf den <a title=\"Historie von St. Ilgen\" href=\"https:\/\/www.nobili.de\/wp1\/?page_id=251\">nachfolgenden Seiten<\/a> eine Sammlung von Historischen Texten, Bildern, Fotos, Geschichten, Urkunden, Zeittafel \u00fcber die Entwicklung von St.Ilgen, Baudenkmale, Flurnahmen, B\u00fcrgermeister, Pers\u00f6nlichkeiten usw. erstellt. Falls Sie zur Erg\u00e4nzung dieser Seiten noch Bilder, Dokumente oder \u00e4hnliches zu Hause haben, die Sie mir zum Scannen zur Verf\u00fcgung stellen k\u00f6nnten, w\u00fcrde ich mich sehr freuen.<\/p>\n<p>Ich verwende ausschlie\u00dflich Open Source Software!<br \/>\n<img loading=\"lazy\" decoding=\"async\" class=\" wp-image-374 alignnone\" src=\"https:\/\/www.nobili.de\/wp1\/wp-content\/uploads\/2013\/04\/New_Ubuntu_Logo.png\" alt=\"New_Ubuntu_Logo\" width=\"300\" height=\"70\" srcset=\"https:\/\/www.nobili.de\/wp1\/wp-content\/uploads\/2013\/04\/New_Ubuntu_Logo.png 2000w, https:\/\/www.nobili.de\/wp1\/wp-content\/uploads\/2013\/04\/New_Ubuntu_Logo-300x70.png 300w, https:\/\/www.nobili.de\/wp1\/wp-content\/uploads\/2013\/04\/New_Ubuntu_Logo-600x140.png 600w\" sizes=\"auto, (max-width: 300px) 100vw, 300px\" \/><\/p>\n","protected":false},"excerpt":{"rendered":"<p>Hallo liebe Besucher Meine neu \u00fcberarbeitete Webseite ist eine Zusammenfassung meiner Hobbys aus vergangenen Tagen und der Gegenwart. Musik Mit 14 Jahren fing ich mit dem E-Bass spielen an. Das war der beginn einer Leidenschaft die mich bis heute nicht &hellip; <a href=\"https:\/\/www.nobili.de\/wp1\/\">Weiterlesen <span class=\"meta-nav\">&rarr;<\/span><\/a><\/p>\n","protected":false},"author":1,"featured_media":0,"parent":0,"menu_order":1,"comment_status":"closed","ping_status":"closed","template":"","meta":{"ngg_post_thumbnail":0,"footnotes":""},"class_list":["post-2","page","type-page","status-publish","hentry"],"_links":{"self":[{"href":"https:\/\/www.nobili.de\/wp1\/wp-json\/wp\/v2\/pages\/2","targetHints":{"allow":["GET"]}}],"collection":[{"href":"https:\/\/www.nobili.de\/wp1\/wp-json\/wp\/v2\/pages"}],"about":[{"href":"https:\/\/www.nobili.de\/wp1\/wp-json\/wp\/v2\/types\/page"}],"author":[{"embeddable":true,"href":"https:\/\/www.nobili.de\/wp1\/wp-json\/wp\/v2\/users\/1"}],"replies":[{"embeddable":true,"href":"https:\/\/www.nobili.de\/wp1\/wp-json\/wp\/v2\/comments?post=2"}],"version-history":[{"count":51,"href":"https:\/\/www.nobili.de\/wp1\/wp-json\/wp\/v2\/pages\/2\/revisions"}],"predecessor-version":[{"id":4,"href":"https:\/\/www.nobili.de\/wp1\/wp-json\/wp\/v2\/pages\/2\/revisions\/4"}],"wp:attachment":[{"href":"https:\/\/www.nobili.de\/wp1\/wp-json\/wp\/v2\/media?parent=2"}],"curies":[{"name":"wp","href":"https:\/\/api.w.org\/{rel}","templated":true}]}}