{"id":251,"date":"2012-03-17T22:56:11","date_gmt":"2012-03-17T20:56:11","guid":{"rendered":"http:\/\/www.nobili.de\/wp1\/?page_id=251"},"modified":"2024-11-09T20:41:48","modified_gmt":"2024-11-09T18:41:48","slug":"historie-von-st-ilgen","status":"publish","type":"page","link":"https:\/\/www.nobili.de\/wp1\/historie-von-st-ilgen","title":{"rendered":"Historie von St. Ilgen"},"content":{"rendered":"<p><img loading=\"lazy\" decoding=\"async\" class=\"ngg-singlepic ngg-left alignleft\" src=\"https:\/\/www.nobili.de\/wp1\/wp-content\/gallery\/dilje\/thumbs\/thumbs_dilie_logo.jpg\" alt=\"dilie_logo\" width=\"70\" height=\"75\" \/>Ich habe auf den nachfolgenden Seiten eine Sammlung von Historischen Texten, Bildern, Fotos, Geschichten, Urkunden, Zeittafel \u00fcber die Entwicklung von St.Ilgen, Baudenkmale, Flurnahmen, B\u00fcrgermeister, Pers\u00f6nlichkeiten usw. erstellt. Falls Sie zur Erg\u00e4nzung dieser Seiten noch Bilder, Dokumente oder \u00e4hnliches zu Hause haben, die Sie mir zum Scannen zur Verf\u00fcgung stellen k\u00f6nnten, w\u00fcrde ich mich sehr freuen.<\/p>\n<p><strong>\u00dcbersicht:<\/strong><br \/> <a title=\"Vergangenheit\" href=\"https:\/\/www.nobili.de\/wp1\/?page_id=258\">Aus der Vergangenheit von St.Ilgen<\/a><br \/> <a title=\"Geschichte\" href=\"https:\/\/www.nobili.de\/wp1\/?page_id=260\">Aus der Geschichte von St.Ilgen<\/a><br \/> <a title=\"Urkunde 1131\" href=\"https:\/\/www.nobili.de\/wp1\/?page_id=262\">Erste Urkundliche Erw\u00e4hnung von St.Ilgen ( Bruch ) anno. 1131 n.Chr.<\/a><br \/> <a title=\"Zeittafel\" href=\"https:\/\/www.nobili.de\/wp1\/?page_id=265\">Zeittafel zur Geschichte und Entwicklung von St. Ilgen<\/a><br \/> <a title=\"Baudenkmale\" href=\"https:\/\/www.nobili.de\/wp1\/?page_id=267\">Baudenkmale<\/a><br \/> <a title=\"Flurnamen\" href=\"https:\/\/www.nobili.de\/wp1\/?page_id=269\">Flurnamen als Quellen der Ortsgeschichte &#8211; mit \u00dcbersichtsskizze zu den Flurnamen der Gemeinde St.Ilgen<\/a><br \/> <a title=\"Der Ortsname\" href=\"https:\/\/www.nobili.de\/wp1\/?page_id=271\">Der Ortsname St.Ilgen im Wandel der Zeit<\/a><br \/> <a title=\"B\u00fcrgermeister\" href=\"https:\/\/www.nobili.de\/wp1\/?page_id=273\">Schulthei\u00dfe, V\u00f6gte und B\u00fcrgermeister<\/a><br \/> <a title=\"Ehrenb\u00fcrger\" href=\"https:\/\/www.nobili.de\/wp1\/?page_id=275\">Ehrenb\u00fcrger, Tr\u00e4ger des Bundesverdienstkreuzes, Tr\u00e4ger der Bundesverdienstmedaille<\/a><\/p>\n","protected":false},"excerpt":{"rendered":"<p>Ich habe auf den nachfolgenden Seiten eine Sammlung von Historischen Texten, Bildern, Fotos, Geschichten, Urkunden, Zeittafel \u00fcber die Entwicklung von St.Ilgen, Baudenkmale, Flurnahmen, B\u00fcrgermeister, Pers\u00f6nlichkeiten usw. erstellt. Falls Sie zur Erg\u00e4nzung dieser Seiten noch Bilder, Dokumente oder \u00e4hnliches zu Hause &hellip; <a href=\"https:\/\/www.nobili.de\/wp1\/historie-von-st-ilgen\">Weiterlesen <span class=\"meta-nav\">&rarr;<\/span><\/a><\/p>\n","protected":false},"author":1,"featured_media":0,"parent":0,"menu_order":6,"comment_status":"closed","ping_status":"closed","template":"","meta":{"ngg_post_thumbnail":0,"footnotes":""},"class_list":["post-251","page","type-page","status-publish","hentry"],"_links":{"self":[{"href":"https:\/\/www.nobili.de\/wp1\/wp-json\/wp\/v2\/pages\/251","targetHints":{"allow":["GET"]}}],"collection":[{"href":"https:\/\/www.nobili.de\/wp1\/wp-json\/wp\/v2\/pages"}],"about":[{"href":"https:\/\/www.nobili.de\/wp1\/wp-json\/wp\/v2\/types\/page"}],"author":[{"embeddable":true,"href":"https:\/\/www.nobili.de\/wp1\/wp-json\/wp\/v2\/users\/1"}],"replies":[{"embeddable":true,"href":"https:\/\/www.nobili.de\/wp1\/wp-json\/wp\/v2\/comments?post=251"}],"version-history":[{"count":6,"href":"https:\/\/www.nobili.de\/wp1\/wp-json\/wp\/v2\/pages\/251\/revisions"}],"predecessor-version":[{"id":252,"href":"https:\/\/www.nobili.de\/wp1\/wp-json\/wp\/v2\/pages\/251\/revisions\/252"}],"wp:attachment":[{"href":"https:\/\/www.nobili.de\/wp1\/wp-json\/wp\/v2\/media?parent=251"}],"curies":[{"name":"wp","href":"https:\/\/api.w.org\/{rel}","templated":true}]}}