{"id":262,"date":"2012-03-17T23:01:15","date_gmt":"2012-03-17T21:01:15","guid":{"rendered":"http:\/\/www.nobili.de\/wp1\/?page_id=262"},"modified":"2024-11-09T20:42:07","modified_gmt":"2024-11-09T18:42:07","slug":"urkunde-1131","status":"publish","type":"page","link":"https:\/\/www.nobili.de\/wp1\/historie-von-st-ilgen\/urkunde-1131","title":{"rendered":"Urkunde 1131"},"content":{"rendered":"<p>ngg_shortcode_0_placeholderIm Namen der h\u00f6chsten und heiligsten Dreifaltigkeit und derselben unteilbaren Einheit sei allen zuk\u00fcnftigen wie jetzigen Christusgl\u00e4ubigen bekannt, da\u00df ich Wernhard mit meiner Gattin Duda und meinem Sohn Luibold und meinen \u00fcbrigen Erben jenen Ort, der BRUCH genannt wird, und den urspr\u00fcnglich Herr Johannes, Bischof von Speyer, und die Gr\u00e4fin Adelheit, seine Blutsverwandte, und die anderen gleichberechtigten Erben Gott und dem Heiligen Michael in der Kirche von Bunenesheim auf Antrieb und Bitte Adelgers, des verehrungsw\u00fcrdigen Abtes dieses Ortes, \u00fcbergeben haben, da\u00df wir also zum Heil unserer Seele und dem unserer Vorg\u00e4nger ebendiesen Ort g\u00e4nzlich von Steuerbelastung und Rechtsanspr\u00fcchen befreien, ebenso auch den Kirchenzehnten, der bis jetzt gew\u00f6hnlich der Kirchengemeinde zu Lochern gezahlt wurde, auf Grund unseres G\u00fctertausches Werenher, dem Presbiter, und allen seinen Nachfolgern f\u00fcr immer erlassen; und dies bekr\u00e4ftigen wir in Gegenwart und unter Vollmacht Herrn Buggos, des ehrbaren Bischofs der Wormser Kirche und mit der Hand Heinrichs, des Notars dieses Ortes.<\/p>\n<p>Au\u00dferdem haben wir, nachdem wir das Erbarmen und die Zustimmung des vorgenannten ehrw\u00fcrdigen Bischofs erlangt hatten, f\u00fcr denselben Ort Freiheit und Freiz\u00fcgigkeit erlangt, auf da\u00df die M\u00f6nche, die ebendort Gott dienen, die M\u00f6glichkeit haben, zu taufen, Kranke zu besuchen und Tote zu bestatten. Dies ist aber geschehen, unter der Androhung des Fluches Christi (bei Zuwiderhandlung) bekr\u00e4ftigt und vom vorgenannten ehrw\u00fcrdigen Bischof zu Worms mit dem bisch\u00f6flichen Siegel best\u00e4tigt worden auf seiner Synode am 7. Oktober im 1131. Jahr der Fleischwerdung des Herrn, in der 9. Indiktion. In Freuden getan. Amen.<\/p>\n<p>Zeugen dieses Rechtsgesch\u00e4ftes sind der Propst Heinrich, der Dekan Heinrich, der Propst von St. Paul, Gebhard, der Propst von St. Martin, Sigmund und Gumpert, der Propst von St. Andreas. Statthalter Nibelung, Graf Emicho, Steuerverwalter Heinrich, Heio Ruchstein, Gerlach, Wygnandus, Hehelo und alle, die auf der Synode anwesend waren.<\/p>\n<p>Transkription von Johannes Staub,<\/p>\n<p>Quelle: Seminar f\u00fcr lateinische Philologie des Mittelalters und der Neuzeit an der Universit\u00e4t Heidelberg sowie Quellensammlung der badischen Landesgeschichte, Karlsruhe<\/p>\n","protected":false},"excerpt":{"rendered":"<p>Im Namen der h\u00f6chsten und heiligsten Dreifaltigkeit und derselben unteilbaren Einheit sei allen zuk\u00fcnftigen wie jetzigen Christusgl\u00e4ubigen bekannt, da\u00df ich Wernhard mit meiner Gattin Duda und meinem Sohn Luibold und meinen \u00fcbrigen Erben jenen Ort, der BRUCH genannt wird, und &hellip; <a href=\"https:\/\/www.nobili.de\/wp1\/historie-von-st-ilgen\/urkunde-1131\">Weiterlesen <span class=\"meta-nav\">&rarr;<\/span><\/a><\/p>\n","protected":false},"author":1,"featured_media":0,"parent":251,"menu_order":3,"comment_status":"closed","ping_status":"closed","template":"","meta":{"ngg_post_thumbnail":0,"footnotes":""},"class_list":["post-262","page","type-page","status-publish","hentry"],"_links":{"self":[{"href":"https:\/\/www.nobili.de\/wp1\/wp-json\/wp\/v2\/pages\/262","targetHints":{"allow":["GET"]}}],"collection":[{"href":"https:\/\/www.nobili.de\/wp1\/wp-json\/wp\/v2\/pages"}],"about":[{"href":"https:\/\/www.nobili.de\/wp1\/wp-json\/wp\/v2\/types\/page"}],"author":[{"embeddable":true,"href":"https:\/\/www.nobili.de\/wp1\/wp-json\/wp\/v2\/users\/1"}],"replies":[{"embeddable":true,"href":"https:\/\/www.nobili.de\/wp1\/wp-json\/wp\/v2\/comments?post=262"}],"version-history":[{"count":4,"href":"https:\/\/www.nobili.de\/wp1\/wp-json\/wp\/v2\/pages\/262\/revisions"}],"predecessor-version":[{"id":263,"href":"https:\/\/www.nobili.de\/wp1\/wp-json\/wp\/v2\/pages\/262\/revisions\/263"}],"up":[{"embeddable":true,"href":"https:\/\/www.nobili.de\/wp1\/wp-json\/wp\/v2\/pages\/251"}],"wp:attachment":[{"href":"https:\/\/www.nobili.de\/wp1\/wp-json\/wp\/v2\/media?parent=262"}],"curies":[{"name":"wp","href":"https:\/\/api.w.org\/{rel}","templated":true}]}}