{"id":273,"date":"2012-03-17T23:05:19","date_gmt":"2012-03-17T21:05:19","guid":{"rendered":"http:\/\/www.nobili.de\/wp1\/?page_id=273"},"modified":"2024-11-09T20:42:44","modified_gmt":"2024-11-09T18:42:44","slug":"burgermeister","status":"publish","type":"page","link":"https:\/\/www.nobili.de\/wp1\/historie-von-st-ilgen\/burgermeister","title":{"rendered":"B\u00fcrgermeister"},"content":{"rendered":"<div><strong>Schulthei\u00dfe, V\u00f6gte und B\u00fcrgermeister von St.Ilgen<\/strong><\/div>\n<div><strong>Schulthei\u00dfe 1474 &#8211; 1810 <\/strong><br \/> 1474 H\u00e4nsel<br \/> 1599 Schwab Hans<br \/> 1599 Staab Conrad (alter Schulthei\u00df des alten Schulten George)<br \/> 1735-1740 K\u00f6pfel Tobias<br \/> 1747-1763 Baumann<br \/> 1772 Kraft<br \/> 1777 Antoni Baumann<br \/> 1780 Anton Baumann<br \/> 1787-1795 Johannes Frei<br \/>1797-1810 J. Frey<\/p>\n<p><strong>V\u00f6gte 1810 &#8211; 1830<\/strong><br \/> 1810-1818 J. Frey<br \/> 1825 Schmitt<br \/> 1826-1830 Johann K\u00fcbler<\/p>\n<p><strong>B\u00fcrgermeister von St. Ilgen 1833 &#8211; 1975<\/strong><br \/> 1833-1838 Johann K\u00fcbler (kein Bild vorhanden)<br \/> 1839-1844 Jakob Schmitt (kein Bild vorhanden)<\/p>\n<\/div>\n<table style=\"width: 100%;\" border=\"0\" cellspacing=\"0\" cellpadding=\"0\">\n<tbody>\n<tr>\n<td align=\"left\" valign=\"top\">\n<div><img loading=\"lazy\" decoding=\"async\" style=\"border: 0pt none;\" src=\"https:\/\/www.nobili.de\/wp1\/wp-content\/gallery\/dilje\/jakob_kuebler_tpn.jpg\" alt=\"jakob_kuebler_tpn\" width=\"107\" height=\"150\" \/><\/div>\n<\/td>\n<td align=\"left\" valign=\"top\">\n<div><img loading=\"lazy\" decoding=\"async\" src=\"http:\/\/localhost\/stv-test\/cms\/img\/leer.gif\" alt=\"\" width=\"150\" height=\"1\" border=\"0\" \/><\/div>\n<\/td>\n<td align=\"left\" valign=\"top\">\n<div><img decoding=\"async\" style=\"border: 0pt none;\" src=\"https:\/\/www.nobili.de\/wp1\/wp-content\/gallery\/dilje\/christoph_laub_tpn.jpg\" alt=\"christoph_laub_tpn.jpg\" border=\"0\" \/><\/div>\n<\/td>\n<\/tr>\n<tr>\n<td align=\"left\" valign=\"top\">\n<div>1845-1870<\/div>\n<div>Jakob K\u00fcbler<\/div>\n<\/td>\n<td align=\"left\" valign=\"top\">\n<div><img loading=\"lazy\" decoding=\"async\" src=\"http:\/\/localhost\/stv-test\/cms\/img\/leer.gif\" alt=\"\" width=\"150\" height=\"1\" border=\"0\" \/><\/div>\n<\/td>\n<td align=\"left\" valign=\"top\">\n<div>1870-1892<\/div>\n<div>Christoph Laub<\/div>\n<\/td>\n<\/tr>\n<tr>\n<td align=\"left\" valign=\"top\">\n<div><img decoding=\"async\" style=\"border: 0pt none;\" src=\"https:\/\/www.nobili.de\/wp1\/wp-content\/gallery\/dilje\/philipp_stumph_tpn.jpg\" alt=\"philipp_stumph_tpn.jpg\" border=\"0\" \/><\/div>\n<\/td>\n<td align=\"left\" valign=\"top\">\n<div><img loading=\"lazy\" decoding=\"async\" src=\"http:\/\/localhost\/stv-test\/cms\/img\/leer.gif\" alt=\"\" width=\"150\" height=\"1\" border=\"0\" \/><\/div>\n<\/td>\n<td align=\"left\" valign=\"top\">\n<div><img decoding=\"async\" style=\"border: 0pt none;\" src=\"https:\/\/www.nobili.de\/wp1\/wp-content\/gallery\/dilje\/heinrich_braun_tpn.jpg\" alt=\"heinrich_braun_tpn.jpg\" border=\"0\" \/><\/div>\n<\/td>\n<\/tr>\n<tr>\n<td align=\"left\" valign=\"top\">\n<div>1892-1919<\/div>\n<div>Philipp Stumph<\/div>\n<\/td>\n<td align=\"left\" valign=\"top\">\n<div><img loading=\"lazy\" decoding=\"async\" src=\"http:\/\/localhost\/stv-test\/cms\/img\/leer.gif\" alt=\"\" width=\"150\" height=\"1\" border=\"0\" \/><\/div>\n<\/td>\n<td align=\"left\" valign=\"top\">\n<div>1919-1928<\/div>\n<div>Heinrich Braun<\/div>\n<\/td>\n<\/tr>\n<tr>\n<td align=\"left\" valign=\"top\">\n<div><img decoding=\"async\" style=\"border: 0pt none;\" src=\"https:\/\/www.nobili.de\/wp1\/wp-content\/gallery\/dilje\/willi_laub_tpn.jpg\" alt=\"willi_laub_tpn.jpg\" border=\"0\" \/><\/div>\n<\/td>\n<td align=\"left\" valign=\"top\">\n<div><img loading=\"lazy\" decoding=\"async\" src=\"http:\/\/localhost\/stv-test\/cms\/img\/leer.gif\" alt=\"\" width=\"150\" height=\"1\" border=\"0\" \/><\/div>\n<\/td>\n<td align=\"left\" valign=\"top\">\n<div><img decoding=\"async\" style=\"border: 0pt none;\" src=\"https:\/\/www.nobili.de\/wp1\/wp-content\/gallery\/dilje\/johannes_kuebler_tpn.jpg\" alt=\"johannes_kuebler_tpn.jpg\" border=\"0\" \/><\/div>\n<\/td>\n<\/tr>\n<tr>\n<td align=\"left\" valign=\"top\">\n<div>1928-1934<\/div>\n<div>Willi Laub<\/div>\n<\/td>\n<td align=\"left\" valign=\"top\">\n<div><img loading=\"lazy\" decoding=\"async\" src=\"http:\/\/localhost\/stv-test\/cms\/img\/leer.gif\" alt=\"\" width=\"150\" height=\"1\" border=\"0\" \/><\/div>\n<\/td>\n<td align=\"left\" valign=\"top\">\n<div>1934-1940<\/div>\n<div>Johannes K\u00fcbler<\/div>\n<\/td>\n<\/tr>\n<tr>\n<td align=\"left\" valign=\"top\">\n<div><img decoding=\"async\" style=\"border: 0pt none;\" src=\"https:\/\/www.nobili.de\/wp1\/wp-content\/gallery\/dilje\/friedrich_stumpf_tpn.jpg\" alt=\"friedrich_stumpf_tpn.jpg\" border=\"0\" \/><\/div>\n<\/td>\n<td align=\"left\" valign=\"top\">\n<div><img loading=\"lazy\" decoding=\"async\" src=\"http:\/\/localhost\/stv-test\/cms\/img\/leer.gif\" alt=\"\" width=\"150\" height=\"1\" border=\"0\" \/><\/div>\n<\/td>\n<td align=\"left\" valign=\"top\">\n<div><img decoding=\"async\" style=\"border: 0pt none;\" src=\"https:\/\/www.nobili.de\/wp1\/wp-content\/gallery\/dilje\/jakob_weidele_tpn.jpg\" alt=\"jakob_weidele_tpn.jpg\" border=\"0\" \/><\/div>\n<\/td>\n<\/tr>\n<tr>\n<td align=\"left\" valign=\"top\">\n<div>1940-1945<\/div>\n<div>Friedrich Stumpf<\/div>\n<\/td>\n<td align=\"left\" valign=\"top\">\n<div><img loading=\"lazy\" decoding=\"async\" src=\"http:\/\/localhost\/stv-test\/cms\/img\/leer.gif\" alt=\"\" width=\"150\" height=\"1\" border=\"0\" \/><\/div>\n<\/td>\n<td align=\"left\" valign=\"top\">\n<div>1946<\/div>\n<div>Jakob Weidele<\/div>\n<\/td>\n<\/tr>\n<tr>\n<td align=\"left\" valign=\"top\">\n<div><img decoding=\"async\" style=\"border: 0pt none;\" src=\"https:\/\/www.nobili.de\/wp1\/wp-content\/gallery\/dilje\/willi_laub_tpn.jpg\" alt=\"willi_laub_tpn.jpg\" border=\"0\" \/><\/div>\n<\/td>\n<td align=\"left\" valign=\"top\">\n<div><img loading=\"lazy\" decoding=\"async\" src=\"http:\/\/localhost\/stv-test\/cms\/img\/leer.gif\" alt=\"\" width=\"150\" height=\"1\" border=\"0\" \/><\/div>\n<\/td>\n<td align=\"left\" valign=\"top\">\n<div><img decoding=\"async\" style=\"border: 0pt none;\" src=\"https:\/\/www.nobili.de\/wp1\/wp-content\/gallery\/dilje\/herbert_ehrbar_2000_tpn.jpg\" alt=\"herbert_ehrbar_2000_tpn.jpg\" border=\"0\" \/><\/div>\n<\/td>\n<\/tr>\n<tr>\n<td align=\"left\" valign=\"top\">\n<div>1946-1966<\/div>\n<div>Willi Laub<\/div>\n<\/td>\n<td align=\"left\" valign=\"top\">\n<div><img loading=\"lazy\" decoding=\"async\" src=\"http:\/\/localhost\/stv-test\/cms\/img\/leer.gif\" alt=\"\" width=\"150\" height=\"1\" border=\"0\" \/><\/div>\n<\/td>\n<td align=\"left\" valign=\"top\">\n<div>1966-1975<\/div>\n<div>Herbert Ehrbar<\/div>\n<\/td>\n<\/tr>\n<\/tbody>\n<\/table>\n<div>Quelle: Heimatgeschichtliche Ausstellung &#8211; Aus der Vergangenheit von St.Ilgen &#8211; 9\/10 September 1978 Gemeindeverwaltung Leimen<\/div>\n","protected":false},"excerpt":{"rendered":"<p>Schulthei\u00dfe, V\u00f6gte und B\u00fcrgermeister von St.Ilgen Schulthei\u00dfe 1474 &#8211; 1810 1474 H\u00e4nsel 1599 Schwab Hans 1599 Staab Conrad (alter Schulthei\u00df des alten Schulten George) 1735-1740 K\u00f6pfel Tobias 1747-1763 Baumann 1772 Kraft 1777 Antoni Baumann 1780 Anton Baumann 1787-1795 Johannes Frei1797-1810 &hellip; <a href=\"https:\/\/www.nobili.de\/wp1\/historie-von-st-ilgen\/burgermeister\">Weiterlesen <span class=\"meta-nav\">&rarr;<\/span><\/a><\/p>\n","protected":false},"author":1,"featured_media":0,"parent":251,"menu_order":8,"comment_status":"closed","ping_status":"closed","template":"","meta":{"ngg_post_thumbnail":0,"footnotes":""},"class_list":["post-273","page","type-page","status-publish","hentry"],"_links":{"self":[{"href":"https:\/\/www.nobili.de\/wp1\/wp-json\/wp\/v2\/pages\/273","targetHints":{"allow":["GET"]}}],"collection":[{"href":"https:\/\/www.nobili.de\/wp1\/wp-json\/wp\/v2\/pages"}],"about":[{"href":"https:\/\/www.nobili.de\/wp1\/wp-json\/wp\/v2\/types\/page"}],"author":[{"embeddable":true,"href":"https:\/\/www.nobili.de\/wp1\/wp-json\/wp\/v2\/users\/1"}],"replies":[{"embeddable":true,"href":"https:\/\/www.nobili.de\/wp1\/wp-json\/wp\/v2\/comments?post=273"}],"version-history":[{"count":3,"href":"https:\/\/www.nobili.de\/wp1\/wp-json\/wp\/v2\/pages\/273\/revisions"}],"predecessor-version":[{"id":274,"href":"https:\/\/www.nobili.de\/wp1\/wp-json\/wp\/v2\/pages\/273\/revisions\/274"}],"up":[{"embeddable":true,"href":"https:\/\/www.nobili.de\/wp1\/wp-json\/wp\/v2\/pages\/251"}],"wp:attachment":[{"href":"https:\/\/www.nobili.de\/wp1\/wp-json\/wp\/v2\/media?parent=273"}],"curies":[{"name":"wp","href":"https:\/\/api.w.org\/{rel}","templated":true}]}}