{"id":275,"date":"2012-03-17T23:06:00","date_gmt":"2012-03-17T21:06:00","guid":{"rendered":"http:\/\/www.nobili.de\/wp1\/?page_id=275"},"modified":"2024-11-09T20:42:50","modified_gmt":"2024-11-09T18:42:50","slug":"ehrenburger","status":"publish","type":"page","link":"https:\/\/www.nobili.de\/wp1\/historie-von-st-ilgen\/ehrenburger","title":{"rendered":"Ehrenb\u00fcrger"},"content":{"rendered":"<div><strong>Ehrenb\u00fcrger, Tr\u00e4ger des Bundesverdienstkreuzes<\/strong><\/div>\n<table border=\"0\" cellspacing=\"1\" cellpadding=\"1\" width=\"100%\">\n<tbody>\n<tr>\n<td align=\"left\" valign=\"top\">\n<div><img loading=\"lazy\" decoding=\"async\" style=\"border: 0pt none;\" src=\"https:\/\/www.nobili.de\/wp1\/wp-content\/gallery\/dilje\/jacques_de_moncuit_tpn.jpg\" alt=\"jacques_de_moncuit_tpn\" width=\"106\" height=\"150\" \/><\/div>\n<\/td>\n<td align=\"left\" valign=\"top\"><\/td>\n<td align=\"left\" valign=\"top\">\n<div><img loading=\"lazy\" decoding=\"async\" style=\"border: 0pt none;\" src=\"https:\/\/www.nobili.de\/wp1\/wp-content\/gallery\/dilje\/guenter_haritz_tpn.jpg\" alt=\"guenter_haritz_tpn\" width=\"108\" height=\"150\" \/><\/div>\n<\/td>\n<\/tr>\n<tr>\n<td align=\"left\" valign=\"top\">Jacqes de Moncuit  Altb\u00fcrgermeister der Partnerstadt Tigy<\/td>\n<td align=\"left\" valign=\"top\"><\/td>\n<td align=\"left\" valign=\"top\">\n<div>G\u00fcnter Haritz<\/div>\n<div>Olympiasieger Ehrenb\u00fcrger seit 8.Sept. 1972<\/div>\n<\/td>\n<\/tr>\n<tr>\n<td align=\"left\" valign=\"top\">\n<div><img decoding=\"async\" style=\"border: 0pt none;\" src=\"https:\/\/www.nobili.de\/wp1\/wp-content\/gallery\/dilje\/willi_laub_tpn2.jpg\" border=\"0\" alt=\"willi_laub_tpn.jpg\" \/><\/div>\n<\/td>\n<td align=\"left\" valign=\"top\"><\/td>\n<td align=\"left\" valign=\"top\">\n<div><img decoding=\"async\" style=\"border: 0pt none;\" src=\"https:\/\/www.nobili.de\/wp1\/wp-content\/gallery\/dilje\/karl_gehrig_tpn.jpg\" border=\"0\" alt=\"karl_gehrig_tpn.jpg\" \/><\/div>\n<\/td>\n<\/tr>\n<tr>\n<td align=\"left\" valign=\"top\">Willi Laub Altb\u00fcrgermeister  Ehrenb\u00fcrger seit 20. Dez. 1973 Inh. des Bundesverdienstkreuzes am Band<\/td>\n<td align=\"left\" valign=\"top\"><\/td>\n<td align=\"left\" valign=\"top\">Karl Gehrig Alt &#8211; Gemeinderat  Ehrenb\u00fcrger seit 28. April 1976<\/td>\n<\/tr>\n<tr>\n<td align=\"left\" valign=\"top\">\n<div><img decoding=\"async\" style=\"border: 0pt none;\" src=\"https:\/\/www.nobili.de\/wp1\/wp-content\/gallery\/dilje\/albert_kuebler_tpn.jpg\" border=\"0\" alt=\"albert_kuebler_tpn.jpg\" \/><\/div>\n<\/td>\n<td align=\"left\" valign=\"top\"><\/td>\n<td align=\"left\" valign=\"top\">\n<div><img decoding=\"async\" style=\"border: 0pt none;\" src=\"https:\/\/www.nobili.de\/wp1\/wp-content\/gallery\/dilje\/herbert_ehrbar_2000_tpn.jpg\" border=\"0\" alt=\"herbert_ehrbar_2000_tpn.jpg\" \/><\/div>\n<\/td>\n<\/tr>\n<tr>\n<td align=\"left\" valign=\"top\">Albert K\u00fcbler Alt &#8211;  Gemeinderat Ehrenb\u00fcrger seit 28. April 1976<\/td>\n<td align=\"left\" valign=\"top\"><\/td>\n<td align=\"left\" valign=\"top\">Herbert Ehrbar  Altb\u00fcrgermeister Ehrenb\u00fcrger seit 13. Dez. 1974 Inh. des  Bundesverdienstkreuzes Erster Klasse<\/td>\n<\/tr>\n<tr>\n<td align=\"left\" valign=\"top\">\n<div><img decoding=\"async\" style=\"border: 0pt none;\" src=\"https:\/\/www.nobili.de\/wp1\/wp-content\/gallery\/dilje\/karl_saladin_tpn.jpg\" border=\"0\" alt=\"karl_saladin_tpn.jpg\" \/><\/div>\n<\/td>\n<td align=\"left\" valign=\"top\"><\/td>\n<td align=\"left\" valign=\"top\">\n<div><img decoding=\"async\" style=\"border: 0pt none;\" src=\"https:\/\/www.nobili.de\/wp1\/wp-content\/gallery\/dilje\/johannes_sailer_tpn.jpg\" border=\"0\" alt=\"johannes_sailer_tpn.jpg\" \/><\/div>\n<\/td>\n<\/tr>\n<tr>\n<td align=\"left\" valign=\"top\">Karl Saladin Inh. der  Bundesverdienst &#8211; Medaille<\/td>\n<td align=\"left\" valign=\"top\"><\/td>\n<td align=\"left\" valign=\"top\">Johannes Sailer Inh. der  Bundesverdienst &#8211; Medaille<\/td>\n<\/tr>\n<\/tbody>\n<\/table>\n<div>Quelle: Heimatgeschichtliche Ausstellung &#8211; Aus der Vergangenheit  von St.Ilgen &#8211; 9\/10 September 1978 Gemeindeverwaltung Leimen<\/div>\n","protected":false},"excerpt":{"rendered":"<p>Ehrenb\u00fcrger, Tr\u00e4ger des Bundesverdienstkreuzes Jacqes de Moncuit Altb\u00fcrgermeister der Partnerstadt Tigy G\u00fcnter Haritz Olympiasieger Ehrenb\u00fcrger seit 8.Sept. 1972 Willi Laub Altb\u00fcrgermeister Ehrenb\u00fcrger seit 20. Dez. 1973 Inh. des Bundesverdienstkreuzes am Band Karl Gehrig Alt &#8211; Gemeinderat Ehrenb\u00fcrger seit 28. April &hellip; <a href=\"https:\/\/www.nobili.de\/wp1\/historie-von-st-ilgen\/ehrenburger\">Weiterlesen <span class=\"meta-nav\">&rarr;<\/span><\/a><\/p>\n","protected":false},"author":1,"featured_media":0,"parent":251,"menu_order":9,"comment_status":"closed","ping_status":"closed","template":"","meta":{"ngg_post_thumbnail":0,"footnotes":""},"class_list":["post-275","page","type-page","status-publish","hentry"],"_links":{"self":[{"href":"https:\/\/www.nobili.de\/wp1\/wp-json\/wp\/v2\/pages\/275","targetHints":{"allow":["GET"]}}],"collection":[{"href":"https:\/\/www.nobili.de\/wp1\/wp-json\/wp\/v2\/pages"}],"about":[{"href":"https:\/\/www.nobili.de\/wp1\/wp-json\/wp\/v2\/types\/page"}],"author":[{"embeddable":true,"href":"https:\/\/www.nobili.de\/wp1\/wp-json\/wp\/v2\/users\/1"}],"replies":[{"embeddable":true,"href":"https:\/\/www.nobili.de\/wp1\/wp-json\/wp\/v2\/comments?post=275"}],"version-history":[{"count":2,"href":"https:\/\/www.nobili.de\/wp1\/wp-json\/wp\/v2\/pages\/275\/revisions"}],"predecessor-version":[{"id":276,"href":"https:\/\/www.nobili.de\/wp1\/wp-json\/wp\/v2\/pages\/275\/revisions\/276"}],"up":[{"embeddable":true,"href":"https:\/\/www.nobili.de\/wp1\/wp-json\/wp\/v2\/pages\/251"}],"wp:attachment":[{"href":"https:\/\/www.nobili.de\/wp1\/wp-json\/wp\/v2\/media?parent=275"}],"curies":[{"name":"wp","href":"https:\/\/api.w.org\/{rel}","templated":true}]}}